{"id":534,"date":"2021-11-02T22:01:38","date_gmt":"2021-11-02T19:01:38","guid":{"rendered":"https:\/\/www.drzeynepanaforoglu.com\/?page_id=534"},"modified":"2025-02-03T15:12:15","modified_gmt":"2025-02-03T12:12:15","slug":"contact-me","status":"publish","type":"page","link":"https:\/\/www.drzeynepanaforoglu.com\/en\/contact-me\/","title":{"rendered":"Contact Me"},"content":{"rendered":"\t\t<div data-elementor-type=\"wp-page\" data-elementor-id=\"534\" class=\"elementor elementor-534\" data-elementor-post-type=\"page\">\n\t\t\t\t\t\t\t\t\t<section class=\"elementor-section elementor-top-section elementor-element elementor-element-1bd3cb7 elementor-section-stretched elementor-section-boxed elementor-section-height-default elementor-section-height-default parallax_section_no qode_elementor_container_no\" data-id=\"1bd3cb7\" data-element_type=\"section\" data-settings=\"{&quot;stretch_section&quot;:&quot;section-stretched&quot;,&quot;background_background&quot;:&quot;classic&quot;}\">\n\t\t\t\t\t\t<div class=\"elementor-container elementor-column-gap-default\">\n\t\t\t\t\t<div class=\"elementor-column elementor-col-100 elementor-top-column elementor-element elementor-element-22159a1\" data-id=\"22159a1\" data-element_type=\"column\">\n\t\t\t<div class=\"elementor-widget-wrap elementor-element-populated\">\n\t\t\t\t\t\t\t\t<div class=\"elementor-element elementor-element-5cdbc62 elementor-widget elementor-widget-heading\" data-id=\"5cdbc62\" data-element_type=\"widget\" data-widget_type=\"heading.default\">\n\t\t\t\t<div class=\"elementor-widget-container\">\n\t\t\t<style>\/*! elementor - v3.15.0 - 31-07-2023 *\/\n.elementor-heading-title{padding:0;margin:0;line-height:1}.elementor-widget-heading .elementor-heading-title[class*=elementor-size-]>a{color:inherit;font-size:inherit;line-height:inherit}.elementor-widget-heading .elementor-heading-title.elementor-size-small{font-size:15px}.elementor-widget-heading .elementor-heading-title.elementor-size-medium{font-size:19px}.elementor-widget-heading .elementor-heading-title.elementor-size-large{font-size:29px}.elementor-widget-heading .elementor-heading-title.elementor-size-xl{font-size:39px}.elementor-widget-heading .elementor-heading-title.elementor-size-xxl{font-size:59px}<\/style><h1 class=\"elementor-heading-title elementor-size-default\">Contact Me<\/h1>\t\t<\/div>\n\t\t\t\t<\/div>\n\t\t\t\t\t<\/div>\n\t\t<\/div>\n\t\t\t\t\t\t\t<\/div>\n\t\t<\/section>\n\t\t\t\t<section class=\"elementor-section elementor-top-section elementor-element elementor-element-4c84486 elementor-section-height-min-height elementor-section-boxed elementor-section-height-default elementor-section-items-middle parallax_section_no qode_elementor_container_no elementor-invisible\" data-id=\"4c84486\" data-element_type=\"section\" data-settings=\"{&quot;animation&quot;:&quot;fadeIn&quot;}\">\n\t\t\t\t\t\t<div class=\"elementor-container elementor-column-gap-default\">\n\t\t\t\t\t<div class=\"elementor-column elementor-col-100 elementor-top-column elementor-element elementor-element-ceb5d07 elementor-invisible\" data-id=\"ceb5d07\" data-element_type=\"column\" data-settings=\"{&quot;animation&quot;:&quot;fadeIn&quot;}\">\n\t\t\t<div class=\"elementor-widget-wrap elementor-element-populated\">\n\t\t\t\t\t\t\t\t<div class=\"elementor-element elementor-element-95f9e32 elementor-align-center elementor-icon-list--layout-traditional elementor-list-item-link-full_width elementor-widget elementor-widget-icon-list\" data-id=\"95f9e32\" data-element_type=\"widget\" data-widget_type=\"icon-list.default\">\n\t\t\t\t<div class=\"elementor-widget-container\">\n\t\t\t<link rel=\"stylesheet\" href=\"https:\/\/www.drzeynepanaforoglu.com\/wp-content\/plugins\/elementor\/assets\/css\/widget-icon-list.min.css\">\t\t<ul class=\"elementor-icon-list-items\">\n\t\t\t\t\t\t\t<li class=\"elementor-icon-list-item\">\n\t\t\t\t\t\t\t\t\t\t\t<span class=\"elementor-icon-list-icon\">\n\t\t\t\t\t\t\t<i aria-hidden=\"true\" class=\"fas fa-map-marker-alt\"><\/i>\t\t\t\t\t\t<\/span>\n\t\t\t\t\t\t\t\t\t\t<span class=\"elementor-icon-list-text\">Te\u015fvikiye Caddesi, No:26 Daire:11 Ni\u015fanta\u015f\u0131\/\u0130stanbul<\/span>\n\t\t\t\t\t\t\t\t\t<\/li>\n\t\t\t\t\t\t\t\t<li class=\"elementor-icon-list-item\">\n\t\t\t\t\t\t\t\t\t\t\t<span class=\"elementor-icon-list-icon\">\n\t\t\t\t\t\t\t<i aria-hidden=\"true\" class=\"fas fa-phone\"><\/i>\t\t\t\t\t\t<\/span>\n\t\t\t\t\t\t\t\t\t\t<span class=\"elementor-icon-list-text\">Appointment: 0543 934 11 19<\/span>\n\t\t\t\t\t\t\t\t\t<\/li>\n\t\t\t\t\t\t\t\t<li class=\"elementor-icon-list-item\">\n\t\t\t\t\t\t\t\t\t\t\t<a href=\"mailto:zeynep_anaforoglu@hotmail.com\">\n\n\t\t\t\t\t\t\t\t\t\t\t\t<span class=\"elementor-icon-list-icon\">\n\t\t\t\t\t\t\t<i aria-hidden=\"true\" class=\"fas fa-envelope\"><\/i>\t\t\t\t\t\t<\/span>\n\t\t\t\t\t\t\t\t\t\t<span class=\"elementor-icon-list-text\">zeynep_anaforoglu@hotmail.com<\/span>\n\t\t\t\t\t\t\t\t\t\t\t<\/a>\n\t\t\t\t\t\t\t\t\t<\/li>\n\t\t\t\t\t\t<\/ul>\n\t\t\t\t<\/div>\n\t\t\t\t<\/div>\n\t\t\t\t\t<\/div>\n\t\t<\/div>\n\t\t\t\t\t\t\t<\/div>\n\t\t<\/section>\n\t\t\t\t\t\t\t<\/div>\n\t\t","protected":false},"excerpt":{"rendered":"<p>Contact Me Te\u015fvikiye Caddesi, No:26 Daire:11 Ni\u015fanta\u015f\u0131\/\u0130stanbul Appointment: 0543 934 11 19 zeynep_anaforoglu@hotmail.com<\/p>\n","protected":false},"author":1,"featured_media":0,"parent":0,"menu_order":0,"comment_status":"closed","ping_status":"closed","template":"","meta":{"_acf_changed":false,"_monsterinsights_skip_tracking":false,"_monsterinsights_sitenote_active":false,"_monsterinsights_sitenote_note":"","_monsterinsights_sitenote_category":0,"footnotes":""},"class_list":["post-534","page","type-page","status-publish","hentry"],"acf":[],"yoast_head":"<!-- This site is optimized with the Yoast SEO plugin v17.3 - https:\/\/yoast.com\/wordpress\/plugins\/seo\/ -->\n<title>Contact Me &bull; Zeynep Anaforo\u011flu<\/title>\n<meta name=\"description\" content=\"You may find my contact details here.\" \/>\n<meta name=\"robots\" content=\"index, follow, max-snippet:-1, max-image-preview:large, max-video-preview:-1\" \/>\n<link rel=\"canonical\" href=\"https:\/\/www.drzeynepanaforoglu.com\/en\/contact-me\/\" \/>\n<meta property=\"og:locale\" content=\"en_US\" \/>\n<meta property=\"og:type\" content=\"article\" \/>\n<meta property=\"og:title\" content=\"Contact Me &bull; Zeynep Anaforo\u011flu\" \/>\n<meta property=\"og:description\" content=\"You may find my contact details here.\" \/>\n<meta property=\"og:url\" content=\"https:\/\/www.drzeynepanaforoglu.com\/en\/contact-me\/\" \/>\n<meta property=\"og:site_name\" content=\"Zeynep Anaforo\u011flu\" \/>\n<meta property=\"article:modified_time\" content=\"2025-02-03T12:12:15+00:00\" \/>\n<meta property=\"og:image\" content=\"https:\/\/www.drzeynepanaforoglu.com\/wp-content\/uploads\/2021\/09\/hakkimda-z.png\" \/>\n\t<meta property=\"og:image:width\" content=\"1200\" \/>\n\t<meta property=\"og:image:height\" content=\"800\" \/>\n<meta name=\"twitter:card\" content=\"summary_large_image\" \/>\n<meta name=\"twitter:label1\" content=\"Est. reading time\" \/>\n\t<meta name=\"twitter:data1\" content=\"1 minute\" \/>\n<script type=\"application\/ld+json\" class=\"yoast-schema-graph\">{\"@context\":\"https:\/\/schema.org\",\"@graph\":[{\"@type\":\"Organization\",\"@id\":\"https:\/\/www.drzeynepanaforoglu.com\/#organization\",\"name\":\"Dr. Zeynep Anaforo\\u011flu B\\u0131kmaz\",\"url\":\"https:\/\/www.drzeynepanaforoglu.com\/\",\"sameAs\":[\"https:\/\/www.instagram.com\/drzeynepanaforoglu\/\"],\"logo\":{\"@type\":\"ImageObject\",\"@id\":\"https:\/\/www.drzeynepanaforoglu.com\/#logo\",\"inLanguage\":\"en-US\",\"url\":\"https:\/\/www.drzeynepanaforoglu.com\/wp-content\/uploads\/2021\/09\/logohome.jpg\",\"contentUrl\":\"https:\/\/www.drzeynepanaforoglu.com\/wp-content\/uploads\/2021\/09\/logohome.jpg\",\"width\":1200,\"height\":800,\"caption\":\"Dr. Zeynep Anaforo\\u011flu B\\u0131kmaz\"},\"image\":{\"@id\":\"https:\/\/www.drzeynepanaforoglu.com\/#logo\"}},{\"@type\":\"WebSite\",\"@id\":\"https:\/\/www.drzeynepanaforoglu.com\/#website\",\"url\":\"https:\/\/www.drzeynepanaforoglu.com\/\",\"name\":\"Zeynep Anaforo\\u011flu\",\"description\":\"yak\\u0131nda\",\"publisher\":{\"@id\":\"https:\/\/www.drzeynepanaforoglu.com\/#organization\"},\"potentialAction\":[{\"@type\":\"SearchAction\",\"target\":{\"@type\":\"EntryPoint\",\"urlTemplate\":\"https:\/\/www.drzeynepanaforoglu.com\/?s={search_term_string}\"},\"query-input\":\"required name=search_term_string\"}],\"inLanguage\":\"en-US\"},{\"@type\":\"WebPage\",\"@id\":\"https:\/\/www.drzeynepanaforoglu.com\/en\/contact-me\/#webpage\",\"url\":\"https:\/\/www.drzeynepanaforoglu.com\/en\/contact-me\/\",\"name\":\"Contact Me &bull; Zeynep Anaforo\\u011flu\",\"isPartOf\":{\"@id\":\"https:\/\/www.drzeynepanaforoglu.com\/#website\"},\"datePublished\":\"2021-11-02T19:01:38+00:00\",\"dateModified\":\"2025-02-03T12:12:15+00:00\",\"description\":\"You may find my contact details here.\",\"breadcrumb\":{\"@id\":\"https:\/\/www.drzeynepanaforoglu.com\/en\/contact-me\/#breadcrumb\"},\"inLanguage\":\"en-US\",\"potentialAction\":[{\"@type\":\"ReadAction\",\"target\":[\"https:\/\/www.drzeynepanaforoglu.com\/en\/contact-me\/\"]}]},{\"@type\":\"BreadcrumbList\",\"@id\":\"https:\/\/www.drzeynepanaforoglu.com\/en\/contact-me\/#breadcrumb\",\"itemListElement\":[{\"@type\":\"ListItem\",\"position\":1,\"name\":\"Anasayfa\",\"item\":\"https:\/\/www.drzeynepanaforoglu.com\/en\/\"},{\"@type\":\"ListItem\",\"position\":2,\"name\":\"Contact Me\"}]}]}<\/script>\n<!-- \/ Yoast SEO plugin. -->","yoast_head_json":{"title":"Contact Me &bull; Zeynep Anaforo\u011flu","description":"You may find my contact details here.","robots":{"index":"index","follow":"follow","max-snippet":"max-snippet:-1","max-image-preview":"max-image-preview:large","max-video-preview":"max-video-preview:-1"},"canonical":"https:\/\/www.drzeynepanaforoglu.com\/en\/contact-me\/","og_locale":"en_US","og_type":"article","og_title":"Contact Me &bull; Zeynep Anaforo\u011flu","og_description":"You may find my contact details here.","og_url":"https:\/\/www.drzeynepanaforoglu.com\/en\/contact-me\/","og_site_name":"Zeynep Anaforo\u011flu","article_modified_time":"2025-02-03T12:12:15+00:00","og_image":[{"width":1200,"height":800,"url":"https:\/\/www.drzeynepanaforoglu.com\/wp-content\/uploads\/2021\/09\/hakkimda-z.png","type":"image\/png"}],"twitter_card":"summary_large_image","twitter_misc":{"Est. reading time":"1 minute"},"schema":{"@context":"https:\/\/schema.org","@graph":[{"@type":"Organization","@id":"https:\/\/www.drzeynepanaforoglu.com\/#organization","name":"Dr. Zeynep Anaforo\u011flu B\u0131kmaz","url":"https:\/\/www.drzeynepanaforoglu.com\/","sameAs":["https:\/\/www.instagram.com\/drzeynepanaforoglu\/"],"logo":{"@type":"ImageObject","@id":"https:\/\/www.drzeynepanaforoglu.com\/#logo","inLanguage":"en-US","url":"https:\/\/www.drzeynepanaforoglu.com\/wp-content\/uploads\/2021\/09\/logohome.jpg","contentUrl":"https:\/\/www.drzeynepanaforoglu.com\/wp-content\/uploads\/2021\/09\/logohome.jpg","width":1200,"height":800,"caption":"Dr. Zeynep Anaforo\u011flu B\u0131kmaz"},"image":{"@id":"https:\/\/www.drzeynepanaforoglu.com\/#logo"}},{"@type":"WebSite","@id":"https:\/\/www.drzeynepanaforoglu.com\/#website","url":"https:\/\/www.drzeynepanaforoglu.com\/","name":"Zeynep Anaforo\u011flu","description":"yak\u0131nda","publisher":{"@id":"https:\/\/www.drzeynepanaforoglu.com\/#organization"},"potentialAction":[{"@type":"SearchAction","target":{"@type":"EntryPoint","urlTemplate":"https:\/\/www.drzeynepanaforoglu.com\/?s={search_term_string}"},"query-input":"required name=search_term_string"}],"inLanguage":"en-US"},{"@type":"WebPage","@id":"https:\/\/www.drzeynepanaforoglu.com\/en\/contact-me\/#webpage","url":"https:\/\/www.drzeynepanaforoglu.com\/en\/contact-me\/","name":"Contact Me &bull; Zeynep Anaforo\u011flu","isPartOf":{"@id":"https:\/\/www.drzeynepanaforoglu.com\/#website"},"datePublished":"2021-11-02T19:01:38+00:00","dateModified":"2025-02-03T12:12:15+00:00","description":"You may find my contact details here.","breadcrumb":{"@id":"https:\/\/www.drzeynepanaforoglu.com\/en\/contact-me\/#breadcrumb"},"inLanguage":"en-US","potentialAction":[{"@type":"ReadAction","target":["https:\/\/www.drzeynepanaforoglu.com\/en\/contact-me\/"]}]},{"@type":"BreadcrumbList","@id":"https:\/\/www.drzeynepanaforoglu.com\/en\/contact-me\/#breadcrumb","itemListElement":[{"@type":"ListItem","position":1,"name":"Anasayfa","item":"https:\/\/www.drzeynepanaforoglu.com\/en\/"},{"@type":"ListItem","position":2,"name":"Contact Me"}]}]}},"_links":{"self":[{"href":"https:\/\/www.drzeynepanaforoglu.com\/en\/wp-json\/wp\/v2\/pages\/534","targetHints":{"allow":["GET"]}}],"collection":[{"href":"https:\/\/www.drzeynepanaforoglu.com\/en\/wp-json\/wp\/v2\/pages"}],"about":[{"href":"https:\/\/www.drzeynepanaforoglu.com\/en\/wp-json\/wp\/v2\/types\/page"}],"author":[{"embeddable":true,"href":"https:\/\/www.drzeynepanaforoglu.com\/en\/wp-json\/wp\/v2\/users\/1"}],"replies":[{"embeddable":true,"href":"https:\/\/www.drzeynepanaforoglu.com\/en\/wp-json\/wp\/v2\/comments?post=534"}],"version-history":[{"count":13,"href":"https:\/\/www.drzeynepanaforoglu.com\/en\/wp-json\/wp\/v2\/pages\/534\/revisions"}],"predecessor-version":[{"id":625,"href":"https:\/\/www.drzeynepanaforoglu.com\/en\/wp-json\/wp\/v2\/pages\/534\/revisions\/625"}],"wp:attachment":[{"href":"https:\/\/www.drzeynepanaforoglu.com\/en\/wp-json\/wp\/v2\/media?parent=534"}],"curies":[{"name":"wp","href":"https:\/\/api.w.org\/{rel}","templated":true}]}}